{"id":117,"date":"2018-03-08T18:10:57","date_gmt":"2018-03-08T16:10:57","guid":{"rendered":"http:\/\/jalgjatald.eu\/?page_id=117"},"modified":"2021-03-04T13:33:02","modified_gmt":"2021-03-04T11:33:02","slug":"tegevusala","status":"publish","type":"page","link":"https:\/\/jalgjatald.eu\/","title":{"rendered":"TALLATUGI 30\u00a0 MINUTIGA"},"content":{"rendered":"<h3><img loading=\"lazy\" class=\"alignnone wp-image-196\" src=\"http:\/\/jalgjatald.eu\/wp-content\/uploads\/2021\/03\/Feet-Print-4.0-Expert-4.jpg\" alt=\"\" width=\"407\" height=\"271\" srcset=\"https:\/\/jalgjatald.eu\/wp-content\/uploads\/2021\/03\/Feet-Print-4.0-Expert-4.jpg 3543w, https:\/\/jalgjatald.eu\/wp-content\/uploads\/2021\/03\/Feet-Print-4.0-Expert-4-300x200.jpg 300w, https:\/\/jalgjatald.eu\/wp-content\/uploads\/2021\/03\/Feet-Print-4.0-Expert-4-768x512.jpg 768w, https:\/\/jalgjatald.eu\/wp-content\/uploads\/2021\/03\/Feet-Print-4.0-Expert-4-1024x683.jpg 1024w\" sizes=\"(max-width: 407px) 100vw, 407px\" \/><\/h3>\n<p>Kasutame Prantsusmaal v\u00e4ljat\u00f6\u00f6tatud tehnoloogiat ja spetsiaalset masinat, pakkudes<\/p>\n<p>* \u00f5hukesi tallatugesid (mahuvad igap\u00e4evajalan\u00f5udesse, vajadusel kohendame jalan\u00f5ude sisu)<\/p>\n<p>* spetsiaalseid tallatugesid erinevate spordialade harrastajatele.<img loading=\"lazy\" class=\"alignnone wp-image-186\" src=\"http:\/\/jalgjatald.eu\/wp-content\/uploads\/2021\/01\/MA114-dessus-e1609750936624.png\" alt=\"\" width=\"676\" height=\"144\" srcset=\"https:\/\/jalgjatald.eu\/wp-content\/uploads\/2021\/01\/MA114-dessus-e1609750936624.png 676w, https:\/\/jalgjatald.eu\/wp-content\/uploads\/2021\/01\/MA114-dessus-e1609750936624-300x64.png 300w\" sizes=\"(max-width: 676px) 100vw, 676px\" \/><img loading=\"lazy\" class=\"alignnone size-full wp-image-185\" src=\"http:\/\/jalgjatald.eu\/wp-content\/uploads\/2021\/01\/MA114-dessous-e1609750667774.png\" alt=\"\" width=\"697\" height=\"167\" \/><img loading=\"lazy\" class=\"alignnone size-full wp-image-206\" src=\"http:\/\/jalgjatald.eu\/wp-content\/uploads\/2021\/03\/PiedSemelle.jpg\" alt=\"\" width=\"5315\" height=\"3543\" srcset=\"https:\/\/jalgjatald.eu\/wp-content\/uploads\/2021\/03\/PiedSemelle.jpg 5315w, https:\/\/jalgjatald.eu\/wp-content\/uploads\/2021\/03\/PiedSemelle-300x200.jpg 300w, https:\/\/jalgjatald.eu\/wp-content\/uploads\/2021\/03\/PiedSemelle-768x512.jpg 768w, https:\/\/jalgjatald.eu\/wp-content\/uploads\/2021\/03\/PiedSemelle-1024x683.jpg 1024w\" sizes=\"(max-width: 5315px) 100vw, 5315px\" \/><img loading=\"lazy\" class=\"alignnone size-full wp-image-200\" src=\"http:\/\/jalgjatald.eu\/wp-content\/uploads\/2021\/03\/M227-dessus.png\" alt=\"\" width=\"3298\" height=\"814\" srcset=\"https:\/\/jalgjatald.eu\/wp-content\/uploads\/2021\/03\/M227-dessus.png 3298w, https:\/\/jalgjatald.eu\/wp-content\/uploads\/2021\/03\/M227-dessus-300x74.png 300w, https:\/\/jalgjatald.eu\/wp-content\/uploads\/2021\/03\/M227-dessus-768x190.png 768w, https:\/\/jalgjatald.eu\/wp-content\/uploads\/2021\/03\/M227-dessus-1024x253.png 1024w\" sizes=\"(max-width: 3298px) 100vw, 3298px\" \/><img loading=\"lazy\" class=\"alignnone size-full wp-image-199\" src=\"http:\/\/jalgjatald.eu\/wp-content\/uploads\/2021\/03\/M227-dessous.png\" alt=\"\" width=\"3299\" height=\"814\" srcset=\"https:\/\/jalgjatald.eu\/wp-content\/uploads\/2021\/03\/M227-dessous.png 3299w, https:\/\/jalgjatald.eu\/wp-content\/uploads\/2021\/03\/M227-dessous-300x74.png 300w, https:\/\/jalgjatald.eu\/wp-content\/uploads\/2021\/03\/M227-dessous-768x189.png 768w, https:\/\/jalgjatald.eu\/wp-content\/uploads\/2021\/03\/M227-dessous-1024x253.png 1024w\" sizes=\"(max-width: 3299px) 100vw, 3299px\" \/><img loading=\"lazy\" class=\"alignnone size-full wp-image-204\" src=\"http:\/\/jalgjatald.eu\/wp-content\/uploads\/2021\/03\/MA113-dessus.png\" alt=\"\" width=\"3735\" height=\"861\" srcset=\"https:\/\/jalgjatald.eu\/wp-content\/uploads\/2021\/03\/MA113-dessus.png 3735w, https:\/\/jalgjatald.eu\/wp-content\/uploads\/2021\/03\/MA113-dessus-300x69.png 300w, https:\/\/jalgjatald.eu\/wp-content\/uploads\/2021\/03\/MA113-dessus-768x177.png 768w, https:\/\/jalgjatald.eu\/wp-content\/uploads\/2021\/03\/MA113-dessus-1024x236.png 1024w\" sizes=\"(max-width: 3735px) 100vw, 3735px\" \/><img loading=\"lazy\" class=\"alignnone size-full wp-image-203\" src=\"http:\/\/jalgjatald.eu\/wp-content\/uploads\/2021\/03\/MA113-dessous.png\" alt=\"\" width=\"3754\" height=\"897\" srcset=\"https:\/\/jalgjatald.eu\/wp-content\/uploads\/2021\/03\/MA113-dessous.png 3754w, https:\/\/jalgjatald.eu\/wp-content\/uploads\/2021\/03\/MA113-dessous-300x72.png 300w, https:\/\/jalgjatald.eu\/wp-content\/uploads\/2021\/03\/MA113-dessous-768x184.png 768w, https:\/\/jalgjatald.eu\/wp-content\/uploads\/2021\/03\/MA113-dessous-1024x245.png 1024w\" sizes=\"(max-width: 3754px) 100vw, 3754px\" \/><img loading=\"lazy\" class=\"alignnone size-full wp-image-202\" src=\"http:\/\/jalgjatald.eu\/wp-content\/uploads\/2021\/03\/M405-dessus.png\" alt=\"\" width=\"3097\" height=\"878\" srcset=\"https:\/\/jalgjatald.eu\/wp-content\/uploads\/2021\/03\/M405-dessus.png 3097w, https:\/\/jalgjatald.eu\/wp-content\/uploads\/2021\/03\/M405-dessus-300x85.png 300w, https:\/\/jalgjatald.eu\/wp-content\/uploads\/2021\/03\/M405-dessus-768x218.png 768w, https:\/\/jalgjatald.eu\/wp-content\/uploads\/2021\/03\/M405-dessus-1024x290.png 1024w\" sizes=\"(max-width: 3097px) 100vw, 3097px\" \/><img loading=\"lazy\" class=\"alignnone size-full wp-image-201\" src=\"http:\/\/jalgjatald.eu\/wp-content\/uploads\/2021\/03\/M405-dessous.png\" alt=\"\" width=\"3064\" height=\"717\" srcset=\"https:\/\/jalgjatald.eu\/wp-content\/uploads\/2021\/03\/M405-dessous.png 3064w, https:\/\/jalgjatald.eu\/wp-content\/uploads\/2021\/03\/M405-dessous-300x70.png 300w, https:\/\/jalgjatald.eu\/wp-content\/uploads\/2021\/03\/M405-dessous-768x180.png 768w, https:\/\/jalgjatald.eu\/wp-content\/uploads\/2021\/03\/M405-dessous-1024x240.png 1024w\" sizes=\"(max-width: 3064px) 100vw, 3064px\" \/><\/p>\n","protected":false},"excerpt":{"rendered":"<p>Kasutame Prantsusmaal v\u00e4ljat\u00f6\u00f6tatud tehnoloogiat ja spetsiaalset masinat, pakkudes * \u00f5hukesi tallatugesid (mahuvad igap\u00e4evajalan\u00f5udesse, vajadusel kohendame jalan\u00f5ude sisu) * spetsiaalseid tallatugesid erinevate spordialade harrastajatele.<\/p>\n","protected":false},"author":1,"featured_media":0,"parent":0,"menu_order":0,"comment_status":"closed","ping_status":"closed","template":"","meta":[],"_links":{"self":[{"href":"https:\/\/jalgjatald.eu\/index.php?rest_route=\/wp\/v2\/pages\/117"}],"collection":[{"href":"https:\/\/jalgjatald.eu\/index.php?rest_route=\/wp\/v2\/pages"}],"about":[{"href":"https:\/\/jalgjatald.eu\/index.php?rest_route=\/wp\/v2\/types\/page"}],"author":[{"embeddable":true,"href":"https:\/\/jalgjatald.eu\/index.php?rest_route=\/wp\/v2\/users\/1"}],"replies":[{"embeddable":true,"href":"https:\/\/jalgjatald.eu\/index.php?rest_route=%2Fwp%2Fv2%2Fcomments&post=117"}],"version-history":[{"count":8,"href":"https:\/\/jalgjatald.eu\/index.php?rest_route=\/wp\/v2\/pages\/117\/revisions"}],"predecessor-version":[{"id":207,"href":"https:\/\/jalgjatald.eu\/index.php?rest_route=\/wp\/v2\/pages\/117\/revisions\/207"}],"wp:attachment":[{"href":"https:\/\/jalgjatald.eu\/index.php?rest_route=%2Fwp%2Fv2%2Fmedia&parent=117"}],"curies":[{"name":"wp","href":"https:\/\/api.w.org\/{rel}","templated":true}]}}