{"id":59,"date":"2018-03-08T16:08:31","date_gmt":"2018-03-08T14:08:31","guid":{"rendered":"http:\/\/jalgjatald.eu\/?page_id=59"},"modified":"2026-03-10T16:23:49","modified_gmt":"2026-03-10T14:23:49","slug":"info","status":"publish","type":"page","link":"https:\/\/jalgjatald.eu\/?page_id=59","title":{"rendered":"Info"},"content":{"rendered":"<table style=\"height: 1511px;\" border=\"0\" width=\"764\" frame=\"VOID\" rules=\"NONE\" cellspacing=\"0\">\n<colgroup>\n<col width=\"528\" \/><\/colgroup>\n<tbody>\n<tr>\n<td align=\"LEFT\" valign=\"BOTTOM\" height=\"19\">\n<h4>Tallatugede valmistamist toetab Tervisekassa.<\/h4>\n<h4>Kui inimese terviseseisund vastab h\u00fcvitamise tingimustele, saab arst v\u00e4lja kirjutada digitaalse meditsiiniseadme retsepti.<\/h4>\n<\/td>\n<\/tr>\n<tr>\n<td align=\"LEFT\" valign=\"BOTTOM\" height=\"19\">\n<table style=\"height: 5px;\" border=\"0\" width=\"456\" frame=\"VOID\" rules=\"NONE\" cellspacing=\"0\">\n<colgroup>\n<col width=\"528\" \/><\/colgroup>\n<tbody>\n<tr>\n<td align=\"LEFT\" valign=\"BOTTOM\" width=\"528\" height=\"19\">\n<h3><span style=\"color: #000000; font-family: Calibri;\">Firma omab koost\u00f6\u00f6lepingut\u00a0<\/span><span style=\"color: #000000; font-family: Calibri;\">Sotsiaalkindlustusameti ja Tervisekassaga.<\/span><\/h3>\n<\/td>\n<\/tr>\n<\/tbody>\n<\/table>\n<\/td>\n<\/tr>\n<tr>\n<td align=\"LEFT\" valign=\"BOTTOM\" height=\"19\">\n<h2><strong><span style=\"color: #000000; font-family: Calibri;\">Proteeside tellimiseks vajalikud dokumendid:<\/span><\/strong><\/h2>\n<h4><span style=\"color: #000000; font-family: Calibri;\">Arsti t\u00f5end (korduv t\u00f5endi vajadus puudub).<\/span><\/h4>\n<\/td>\n<\/tr>\n<tr>\n<td align=\"LEFT\" valign=\"BOTTOM\" height=\"19\"><\/td>\n<\/tr>\n<tr>\n<td align=\"LEFT\" valign=\"BOTTOM\" height=\"19\">\n<h3><\/h3>\n<\/td>\n<\/tr>\n<tr>\n<td align=\"LEFT\" valign=\"BOTTOM\" height=\"19\">\n<h2><b><span style=\"color: #000000; font-family: Calibri;\">Ortopeediliste jalatsite tellimiseks vajalikud dokumendid:<\/span><\/b><\/h2>\n<h4><span style=\"color: #000000; font-family: Calibri;\">Arstit\u00f5end &#8211; <\/span>eriarst, f\u00fcsioterapeut, rehabilitatsioonimeeskond (korduv t\u00f5end: perearst)<\/h4>\n<\/td>\n<\/tr>\n<tr>\n<td align=\"LEFT\" valign=\"BOTTOM\" height=\"19\"><\/td>\n<\/tr>\n<tr>\n<td align=\"LEFT\" valign=\"BOTTOM\" height=\"19\">\n<h4><\/h4>\n<\/td>\n<\/tr>\n<tr>\n<td align=\"LEFT\" valign=\"BOTTOM\" height=\"19\"><\/td>\n<\/tr>\n<tr>\n<td align=\"LEFT\" valign=\"BOTTOM\" height=\"19\"><\/td>\n<\/tr>\n<tr>\n<td align=\"LEFT\" valign=\"BOTTOM\" height=\"19\"><\/td>\n<\/tr>\n<tr>\n<td align=\"LEFT\" valign=\"BOTTOM\" height=\"19\"><\/td>\n<\/tr>\n<tr>\n<td align=\"LEFT\" valign=\"BOTTOM\" height=\"19\"><\/td>\n<\/tr>\n<tr>\n<td align=\"LEFT\" valign=\"BOTTOM\" height=\"19\"><\/td>\n<\/tr>\n<\/tbody>\n<\/table>\n<p><!--more--><\/p>\n<p><!--more--><\/p>\n<p><!--more--><\/p>\n","protected":false},"excerpt":{"rendered":"<p>Tallatugede valmistamist toetab Tervisekassa. Kui inimese terviseseisund vastab h\u00fcvitamise tingimustele, saab arst v\u00e4lja kirjutada digitaalse meditsiiniseadme retsepti. Firma omab koost\u00f6\u00f6lepingut\u00a0Sotsiaalkindlustusameti ja Tervisekassaga. Proteeside tellimiseks vajalikud dokumendid: Arsti t\u00f5end (korduv t\u00f5endi vajadus puudub). Ortopeediliste jalatsite tellimiseks vajalikud dokumendid: Arstit\u00f5end &#8211; eriarst, f\u00fcsioterapeut, rehabilitatsioonimeeskond (korduv t\u00f5end: perearst)<\/p><p><a class=\"more-link btn\" href=\"https:\/\/jalgjatald.eu\/?page_id=59\">Continue reading<\/a><\/p>\n","protected":false},"author":1,"featured_media":0,"parent":0,"menu_order":0,"comment_status":"closed","ping_status":"closed","template":"","meta":[],"_links":{"self":[{"href":"https:\/\/jalgjatald.eu\/index.php?rest_route=\/wp\/v2\/pages\/59"}],"collection":[{"href":"https:\/\/jalgjatald.eu\/index.php?rest_route=\/wp\/v2\/pages"}],"about":[{"href":"https:\/\/jalgjatald.eu\/index.php?rest_route=\/wp\/v2\/types\/page"}],"author":[{"embeddable":true,"href":"https:\/\/jalgjatald.eu\/index.php?rest_route=\/wp\/v2\/users\/1"}],"replies":[{"embeddable":true,"href":"https:\/\/jalgjatald.eu\/index.php?rest_route=%2Fwp%2Fv2%2Fcomments&post=59"}],"version-history":[{"count":23,"href":"https:\/\/jalgjatald.eu\/index.php?rest_route=\/wp\/v2\/pages\/59\/revisions"}],"predecessor-version":[{"id":276,"href":"https:\/\/jalgjatald.eu\/index.php?rest_route=\/wp\/v2\/pages\/59\/revisions\/276"}],"wp:attachment":[{"href":"https:\/\/jalgjatald.eu\/index.php?rest_route=%2Fwp%2Fv2%2Fmedia&parent=59"}],"curies":[{"name":"wp","href":"https:\/\/api.w.org\/{rel}","templated":true}]}}